{"id":87,"date":"2023-07-30T22:57:09","date_gmt":"2023-07-30T20:57:09","guid":{"rendered":"https:\/\/motsmelesbibliques.com\/?page_id=87"},"modified":"2023-08-21T19:41:16","modified_gmt":"2023-08-21T17:41:16","slug":"psaumes-choisis","status":"publish","type":"page","link":"https:\/\/motsmelesbibliques.com\/index.php\/psaumes-choisis\/","title":{"rendered":"Psaumes choisis"},"content":{"rendered":"\n<h2 class=\"wp-block-heading\">D\u00e9couvrez notre carnet Psaumes Choisis : mots m\u00eal\u00e9s et psaumes de la Bible<\/h2>\n\n\n\n<div style=\"height:30px\" aria-hidden=\"true\" class=\"wp-block-spacer\"><\/div>\n\n\n\n<p>Explorez notre tout nouveau carnet intitul\u00e9 \u00ab\u00a0Psaumes choisis\u00a0\u00bb. \u00c0 l&rsquo;int\u00e9rieur, vous trouverez une compilation de psaumes choisis dans la Bible. Dot\u00e9 de 73 grilles de mots cach\u00e9s, ce carnet vous emm\u00e8ne dans un parcours spirituel in\u00e9dit. Son grand format qui conviendra \u00e0 tous. Pr\u00e9parez-vous pour cette aventure spirituelle qui allie foi et divertissement.<\/p>\n\n\n\n<div style=\"height:30px\" aria-hidden=\"true\" class=\"wp-block-spacer\"><\/div>\n\n\n\n<div class=\"wp-block-media-text alignwide is-stacked-on-mobile\"><figure class=\"wp-block-media-text__media\"><img decoding=\"async\" loading=\"lazy\" width=\"492\" height=\"638\" src=\"http:\/\/motsmelesbibliques.com\/wp-content\/uploads\/2023\/08\/ps001.jpg\" alt=\"\" class=\"wp-image-611 size-full\" srcset=\"https:\/\/motsmelesbibliques.com\/wp-content\/uploads\/2023\/08\/ps001.jpg 492w, https:\/\/motsmelesbibliques.com\/wp-content\/uploads\/2023\/08\/ps001-231x300.jpg 231w\" sizes=\"(max-width: 492px) 100vw, 492px\" \/><\/figure><div class=\"wp-block-media-text__content\">\n<h2 class=\"wp-block-heading has-text-align-left\">D\u00e9couvrez la richesse des Psaumes d&rsquo;une mani\u00e8re in\u00e9dite avec notre carnet de grilles de Mots M\u00eal\u00e9s Bibliques : Psaumes Choisis. <\/h2>\n\n\n\n<p class=\"has-medium-font-size\">Plongez-vous dans la beaut\u00e9 des Psaumes en vous amusant et rapprochez-vous de la Parole de Dieu !<\/p>\n\n\n\n<p>Quel que soit votre \u00e2ge ou vos connaissances bibliques, ce carnet est con\u00e7u pour vous ! Avec la traduction de la <a href=\"http:\/\/www.info-bible.org\/lsg\/INDEX.html\" target=\"_blank\" rel=\"noopener\" title=\"\">Bible Louis Segond 1910<\/a>, chaque page vous offre une exp\u00e9rience immersive. Les <em>gros caract\u00e8res<\/em> et le <em>grand format <\/em>permettent l&rsquo;utilisation pour tous, y compris les <em>personnes ayant une d\u00e9ficience visuelle<\/em>.<\/p>\n\n\n\n<p>Ce carnet est compos\u00e9 de 73 grilles, chacune bas\u00e9e sur un <a href=\"https:\/\/motsmelesbibliques.com\/index.php\/accueil\/\" target=\"_blank\" rel=\"noopener\" title=\"\">Psaume de la Bible<\/a>. Chaque Psaume est pr\u00e9sent\u00e9 sur les pages de gauche, avec les mots cl\u00e9s soulign\u00e9s pour vous aider \u00e0 m\u00e9diter sur les versets. Sur les pages de droite, vous trouverez la grille de mots m\u00eal\u00e9s bas\u00e9e sur le vocabulaire du Psaume correspondant, rendant ainsi l&rsquo;apprentissage ludique et interactif.<\/p>\n\n\n\n<p>Les Psaumes sont un tr\u00e9sor de louanges, de lamentations, de foi et d&rsquo;espoir. D\u00e9couvrez les attentes et les aspirations du <a href=\"https:\/\/fr.wikipedia.org\/wiki\/David_(roi_d%27Isra%C3%ABl)\" target=\"_blank\" rel=\"noopener\" title=\"\">Roi David<\/a> et de nombreux autres po\u00e8tes de l&rsquo;Ancien Testament. Apprenez \u00e0 prier avec le Psalmiste en vous plongeant dans ces mots inspirants.<\/p>\n\n\n\n<p>Que vous souhaitiez enrichir votre connaissance biblique ou simplement vous d\u00e9tendre en vous impr\u00e9gnant de la Parole de Dieu, notre carnet de Mots M\u00eal\u00e9s Bibliques \u00ab\u00a0Psaumes Choisis\u00a0\u00bb est l&rsquo;outil id\u00e9al pour approfondir votre foi chr\u00e9tienne de mani\u00e8re ludique et \u00e9difiante. Commandez le v\u00f4tre d\u00e8s aujourd&rsquo;hui et laissez la sagesse des Psaumes \u00e9clairer votre chemin spirituel.<\/p>\n\n\n\n<p class=\"has-text-align-center\"><strong><a href=\"https:\/\/www.amazon.fr\/Psaumes-choisis-grilles-%C3%A9difier-solutions\/dp\/B0BNTXG6JM\/ref=sr_1_1?__mk_fr_FR=%C3%85M%C3%85%C5%BD%C3%95%C3%91&amp;keywords=mots+meles+bibliques+psaumes+choisis&amp;qid=1691134447&amp;sr=8-1\" target=\"_blank\" rel=\"noopener\" title=\"\">Commandez le v\u00f4tre d\u00e8s aujourd&rsquo;hui et laissez la sagesse des Psaumes \u00e9clairer votre chemin spirituel !<\/a><\/strong><\/p>\n<\/div><\/div>\n\n\n\n<div style=\"height:100px\" aria-hidden=\"true\" class=\"wp-block-spacer\"><\/div>\n\n\n\n<p><\/p>\n\n\n\n<p><\/p>\n","protected":false},"excerpt":{"rendered":"<p>D\u00e9couvrez notre carnet Psaumes Choisis : mots m\u00eal\u00e9s et psaumes de la Bible Explorez notre tout nouveau carnet intitul\u00e9 \u00ab\u00a0Psaumes choisis\u00a0\u00bb. \u00c0 l&rsquo;int\u00e9rieur, vous trouverez une compilation de psaumes choisis dans la Bible. Dot\u00e9 de 73 grilles de mots cach\u00e9s, ce carnet vous emm\u00e8ne dans un parcours spirituel in\u00e9dit. Son grand format qui conviendra \u00e0 &hellip;<\/p>\n<p class=\"read-more\"> <a class=\"\" href=\"https:\/\/motsmelesbibliques.com\/index.php\/psaumes-choisis\/\"> <span class=\"screen-reader-text\">Psaumes choisis<\/span> Lire la suite\u00a0\u00bb<\/a><\/p>\n","protected":false},"author":1,"featured_media":0,"parent":0,"menu_order":0,"comment_status":"closed","ping_status":"closed","template":"","meta":{"om_disable_all_campaigns":false,"_uag_custom_page_level_css":"","_monsterinsights_skip_tracking":false,"_monsterinsights_sitenote_active":false,"_monsterinsights_sitenote_note":"","_monsterinsights_sitenote_category":0,"site-sidebar-layout":"default","site-content-layout":"default","ast-global-header-display":"","ast-banner-title-visibility":"","ast-main-header-display":"","ast-hfb-above-header-display":"","ast-hfb-below-header-display":"","ast-hfb-mobile-header-display":"","site-post-title":"disabled","ast-breadcrumbs-content":"","ast-featured-img":"","footer-sml-layout":"","theme-transparent-header-meta":"","adv-header-id-meta":"","stick-header-meta":"","header-above-stick-meta":"","header-main-stick-meta":"","header-below-stick-meta":""},"aioseo_notices":[],"uagb_featured_image_src":{"full":false,"thumbnail":false,"medium":false,"medium_large":false,"large":false,"1536x1536":false,"2048x2048":false},"uagb_author_info":{"display_name":"motsmelesbibliques.com","author_link":"https:\/\/motsmelesbibliques.com\/index.php\/author\/motsmelesbibliques-com\/"},"uagb_comment_info":0,"uagb_excerpt":"D\u00e9couvrez notre carnet Psaumes Choisis : mots m\u00eal\u00e9s et psaumes de la Bible Explorez notre tout nouveau carnet intitul\u00e9 \u00ab\u00a0Psaumes choisis\u00a0\u00bb. \u00c0 l&rsquo;int\u00e9rieur, vous trouverez une compilation de psaumes choisis dans la Bible. Dot\u00e9 de 73 grilles de mots cach\u00e9s, ce carnet vous emm\u00e8ne dans un parcours spirituel in\u00e9dit. Son grand format qui conviendra \u00e0\u2026","_links":{"self":[{"href":"https:\/\/motsmelesbibliques.com\/index.php\/wp-json\/wp\/v2\/pages\/87"}],"collection":[{"href":"https:\/\/motsmelesbibliques.com\/index.php\/wp-json\/wp\/v2\/pages"}],"about":[{"href":"https:\/\/motsmelesbibliques.com\/index.php\/wp-json\/wp\/v2\/types\/page"}],"author":[{"embeddable":true,"href":"https:\/\/motsmelesbibliques.com\/index.php\/wp-json\/wp\/v2\/users\/1"}],"replies":[{"embeddable":true,"href":"https:\/\/motsmelesbibliques.com\/index.php\/wp-json\/wp\/v2\/comments?post=87"}],"version-history":[{"count":14,"href":"https:\/\/motsmelesbibliques.com\/index.php\/wp-json\/wp\/v2\/pages\/87\/revisions"}],"predecessor-version":[{"id":913,"href":"https:\/\/motsmelesbibliques.com\/index.php\/wp-json\/wp\/v2\/pages\/87\/revisions\/913"}],"wp:attachment":[{"href":"https:\/\/motsmelesbibliques.com\/index.php\/wp-json\/wp\/v2\/media?parent=87"}],"curies":[{"name":"wp","href":"https:\/\/api.w.org\/{rel}","templated":true}]}}