{"id":85,"date":"2023-07-30T22:56:54","date_gmt":"2023-07-30T20:56:54","guid":{"rendered":"https:\/\/motsmelesbibliques.com\/?page_id=85"},"modified":"2023-08-04T10:37:54","modified_gmt":"2023-08-04T08:37:54","slug":"livre-cinquieme-des-psaumes","status":"publish","type":"page","link":"https:\/\/motsmelesbibliques.com\/index.php\/livre-cinquieme-des-psaumes\/","title":{"rendered":"Livre cinqui\u00e8me des Psaumes"},"content":{"rendered":"\n<div class=\"wp-block-media-text alignwide is-stacked-on-mobile\"><figure class=\"wp-block-media-text__media\"><img decoding=\"async\" loading=\"lazy\" width=\"675\" height=\"889\" src=\"http:\/\/motsmelesbibliques.com\/wp-content\/uploads\/2023\/08\/Carnet-de-Mots-meles-Bibliques-sur-les-Psaumes-Livre-cinquieme-des-Psaumes.jpg\" alt=\"\" class=\"wp-image-616 size-full\" srcset=\"https:\/\/motsmelesbibliques.com\/wp-content\/uploads\/2023\/08\/Carnet-de-Mots-meles-Bibliques-sur-les-Psaumes-Livre-cinquieme-des-Psaumes.jpg 675w, https:\/\/motsmelesbibliques.com\/wp-content\/uploads\/2023\/08\/Carnet-de-Mots-meles-Bibliques-sur-les-Psaumes-Livre-cinquieme-des-Psaumes-228x300.jpg 228w\" sizes=\"(max-width: 675px) 100vw, 675px\" \/><\/figure><div class=\"wp-block-media-text__content\">\n<h2 class=\"wp-block-heading\">Plongez dans un voyage spirituel captivant avec notre carnet de Mots M\u00eal\u00e9s Bibliques : Livre cinqui\u00e8me, d\u00e9di\u00e9 au \u00ab\u00a0Livre cinqui\u00e8me des Psaumes\u00a0\u00bb.<\/h2>\n\n\n\n<p class=\"has-medium-font-size\">Ce carnet est le dernier de notre s\u00e9rie de 5, sp\u00e9cialement con\u00e7ue pour une exploration ludique et \u00e9difiante des po\u00e8mes bibliques.<\/p>\n\n\n\n<p>Peu importe votre \u00e2ge ou vos connaissances bibliques, nos carnets s&rsquo;adressent \u00e0 tous, avec la traduction de la Bible Louis Segond 1910 et des gros caract\u00e8res en grand format pour une lecture ais\u00e9e, m\u00eame pour les personnes ayant une d\u00e9ficience visuelle. Vous d\u00e9couvrirez 79 grilles bas\u00e9es sur les Psaumes 107 \u00e0 150, avec les mots cl\u00e9s mis en \u00e9vidence dans les Psaumes \u00e0 gauche, et les grilles de mots m\u00eal\u00e9s \u00e0 droite pour une exp\u00e9rience enrichissante.<\/p>\n\n\n\n<p>Les Psaumes plus longs sont fractionn\u00e9s, rendant ainsi 79 textes et 79 grilles de mots m\u00eal\u00e9s accessibles. Ce livre cinqui\u00e8me met l&rsquo;accent sur la louange, c\u00e9l\u00e9brant les bienfaits de Dieu. Les cinq derniers psaumes concluent le livre des Psaumes par un joyeux \u00ab\u00a0all\u00e9luia\u00a0\u00bb.<\/p>\n\n\n\n<p>Ce carnet vous permettra de vous impr\u00e9gner de ces pri\u00e8res, lamentations et cantiques de louange. Le livre des Psaumes est un tr\u00e9sor spirituel \u00e0 lire et \u00e0 relire, nous invitant \u00e0 nous nous approprier ces \u00e9crits pour fortifier notre foi.<\/p>\n\n\n\n<p>Commandez d\u00e8s maintenant nos Mots M\u00eal\u00e9s Bibliques : Livre cinqui\u00e8me et embarquez dans une exp\u00e9rience spirituelle profonde et inspirante.<\/p>\n\n\n\n<p class=\"has-text-align-center\"><strong><a href=\"https:\/\/www.amazon.fr\/Psaumes-livre-cinqui%C3%A8me-solutions-caract%C3%A8res\/dp\/B0BNV54MX5\/ref=sr_1_1?__mk_fr_FR=%C3%85M%C3%85%C5%BD%C3%95%C3%91&amp;crid=25E0F7UZE7ZHZ&amp;keywords=mots+meles+bibliques+cinqui%C3%A8me&amp;qid=1687885929&amp;sprefix=mots+meles+bibliques+cinqui%C3%A8me%2Caps%2C473&amp;sr=8-1\" target=\"_blank\" rel=\"noopener\" title=\"\">Laissez la sagesse des Psaumes illuminer votre chemin de foi !<\/a><\/strong><\/p>\n<\/div><\/div>\n","protected":false},"excerpt":{"rendered":"<p>Plongez dans un voyage spirituel captivant avec notre carnet de Mots M\u00eal\u00e9s Bibliques : Livre cinqui\u00e8me, d\u00e9di\u00e9 au \u00ab\u00a0Livre cinqui\u00e8me des Psaumes\u00a0\u00bb. Ce carnet est le dernier de notre s\u00e9rie de 5, sp\u00e9cialement con\u00e7ue pour une exploration ludique et \u00e9difiante des po\u00e8mes bibliques. Peu importe votre \u00e2ge ou vos connaissances bibliques, nos carnets s&rsquo;adressent \u00e0 &hellip;<\/p>\n<p class=\"read-more\"> <a class=\"\" href=\"https:\/\/motsmelesbibliques.com\/index.php\/livre-cinquieme-des-psaumes\/\"> <span class=\"screen-reader-text\">Livre cinqui\u00e8me des Psaumes<\/span> Lire la suite\u00a0\u00bb<\/a><\/p>\n","protected":false},"author":1,"featured_media":0,"parent":0,"menu_order":0,"comment_status":"closed","ping_status":"closed","template":"","meta":{"om_disable_all_campaigns":false,"_uag_custom_page_level_css":"","_monsterinsights_skip_tracking":false,"_monsterinsights_sitenote_active":false,"_monsterinsights_sitenote_note":"","_monsterinsights_sitenote_category":0,"site-sidebar-layout":"default","site-content-layout":"default","ast-global-header-display":"","ast-banner-title-visibility":"","ast-main-header-display":"","ast-hfb-above-header-display":"","ast-hfb-below-header-display":"","ast-hfb-mobile-header-display":"","site-post-title":"","ast-breadcrumbs-content":"","ast-featured-img":"","footer-sml-layout":"","theme-transparent-header-meta":"","adv-header-id-meta":"","stick-header-meta":"","header-above-stick-meta":"","header-main-stick-meta":"","header-below-stick-meta":""},"aioseo_notices":[],"uagb_featured_image_src":{"full":false,"thumbnail":false,"medium":false,"medium_large":false,"large":false,"1536x1536":false,"2048x2048":false},"uagb_author_info":{"display_name":"motsmelesbibliques.com","author_link":"https:\/\/motsmelesbibliques.com\/index.php\/author\/motsmelesbibliques-com\/"},"uagb_comment_info":0,"uagb_excerpt":"Plongez dans un voyage spirituel captivant avec notre carnet de Mots M\u00eal\u00e9s Bibliques : Livre cinqui\u00e8me, d\u00e9di\u00e9 au \u00ab\u00a0Livre cinqui\u00e8me des Psaumes\u00a0\u00bb. Ce carnet est le dernier de notre s\u00e9rie de 5, sp\u00e9cialement con\u00e7ue pour une exploration ludique et \u00e9difiante des po\u00e8mes bibliques. Peu importe votre \u00e2ge ou vos connaissances bibliques, nos carnets s&rsquo;adressent \u00e0\u2026","_links":{"self":[{"href":"https:\/\/motsmelesbibliques.com\/index.php\/wp-json\/wp\/v2\/pages\/85"}],"collection":[{"href":"https:\/\/motsmelesbibliques.com\/index.php\/wp-json\/wp\/v2\/pages"}],"about":[{"href":"https:\/\/motsmelesbibliques.com\/index.php\/wp-json\/wp\/v2\/types\/page"}],"author":[{"embeddable":true,"href":"https:\/\/motsmelesbibliques.com\/index.php\/wp-json\/wp\/v2\/users\/1"}],"replies":[{"embeddable":true,"href":"https:\/\/motsmelesbibliques.com\/index.php\/wp-json\/wp\/v2\/comments?post=85"}],"version-history":[{"count":4,"href":"https:\/\/motsmelesbibliques.com\/index.php\/wp-json\/wp\/v2\/pages\/85\/revisions"}],"predecessor-version":[{"id":657,"href":"https:\/\/motsmelesbibliques.com\/index.php\/wp-json\/wp\/v2\/pages\/85\/revisions\/657"}],"wp:attachment":[{"href":"https:\/\/motsmelesbibliques.com\/index.php\/wp-json\/wp\/v2\/media?parent=85"}],"curies":[{"name":"wp","href":"https:\/\/api.w.org\/{rel}","templated":true}]}}