{"id":83,"date":"2023-07-30T22:56:35","date_gmt":"2023-07-30T20:56:35","guid":{"rendered":"https:\/\/motsmelesbibliques.com\/?page_id=83"},"modified":"2023-08-04T10:21:16","modified_gmt":"2023-08-04T08:21:16","slug":"livre-quatrieme-des-psaumes","status":"publish","type":"page","link":"https:\/\/motsmelesbibliques.com\/index.php\/livre-quatrieme-des-psaumes\/","title":{"rendered":"Livre quatri\u00e8me des Psaumes"},"content":{"rendered":"\n<div class=\"wp-block-media-text alignwide is-stacked-on-mobile\"><figure class=\"wp-block-media-text__media\"><img decoding=\"async\" loading=\"lazy\" width=\"757\" height=\"989\" src=\"http:\/\/motsmelesbibliques.com\/wp-content\/uploads\/2023\/07\/001-5.jpg\" alt=\"\" class=\"wp-image-375 size-full\" srcset=\"https:\/\/motsmelesbibliques.com\/wp-content\/uploads\/2023\/07\/001-5.jpg 757w, https:\/\/motsmelesbibliques.com\/wp-content\/uploads\/2023\/07\/001-5-230x300.jpg 230w\" sizes=\"(max-width: 757px) 100vw, 757px\" \/><\/figure><div class=\"wp-block-media-text__content\">\n<h2 class=\"wp-block-heading\">Plongez-vous dans la profondeur du \u00ab\u00a0Livre quatri\u00e8me des Psaumes\u00a0\u00bb avec notre carnet de Mots M\u00eal\u00e9s Bibliques : Livre quatri\u00e8me. <\/h2>\n\n\n\n<p class=\"has-medium-font-size\">Ce carnet est le quatri\u00e8me de notre s\u00e9rie de 5 d\u00e9di\u00e9e aux Psaumes, offrant une exploration ludique et \u00e9difiante de ces po\u00e8mes bibliques.<\/p>\n\n\n\n<p>Accessible \u00e0 tous, ce que sont l&rsquo;\u00e2ge ou les connaissances bibliques, nos carnets proposent la traduction de la Bible Louis Segond 1910. Des gros caract\u00e8res en grand format facilitent la lecture, m\u00eame pour les d\u00e9ficients visuels. Ce carnet contient 37 grilles bas\u00e9es sur les Psaumes 90 \u00e0 106, des vocabulaires correspondants pour une approche interactive.<\/p>\n\n\n\n<p>Les Psaumes plus longs sont fractionn\u00e9s pour une meilleure lisibilit\u00e9, permettant ainsi de d\u00e9couvrir 37 textes et 37 grilles de mots m\u00eal\u00e9s. Les mots cl\u00e9s des Psaumes sont mis en \u00e9vidence sur les pages de gauche, tandis que les pages de droite pr\u00e9sentent les grilles de mots m\u00eal\u00e9s pour une exp\u00e9rience enrichissante.<\/p>\n\n\n\n<p>Le \u00ab\u00a0Livre quatri\u00e8me\u00a0\u00bb des Psaumes porte l&rsquo;espoir de l&rsquo;av\u00e8nement du Messie, d&rsquo;un nouveau temple et du royaume de Dieu apr\u00e8s l&rsquo;exil. Les po\u00e8mes de Louange expriment la joie et c\u00e9l\u00e8brent les bienfaits de Dieu. Dans ce livre, les po\u00e8mes de louange sont pr\u00e9pond\u00e9rants.<\/p>\n\n\n\n<p>Embarquez d\u00e8s aujourd&rsquo;hui dans cette aventure spirituelle captivante avec nos Mots M\u00eal\u00e9s Bibliques : Livre quatri\u00e8me.<\/p>\n\n\n\n<p class=\"has-text-align-center\"><strong><a href=\"https:\/\/www.amazon.fr\/m%C3%AAl%C3%A9s-bibliques-Psaumes-Livre-quatri%C3%A8me\/dp\/B0BNV6XJRR\/ref=sr_1_1?__mk_fr_FR=%C3%85M%C3%85%C5%BD%C3%95%C3%91&amp;crid=65T576RGDJF5&amp;keywords=Mots+m%C3%AAl%C3%A9s+bibliques%2C+les+Psaumes%2C+Livre+quatri%C3%A8me&amp;qid=1690812199&amp;sprefix=mots+m%C3%AAl%C3%A9s+bibliques%2C+les+psaumes%2C+livre+quatri%C3%A8me%2Caps%2C277&amp;sr=8-1\" target=\"_blank\" rel=\"noopener\" title=\"\">Commandez d\u00e8s maintenant et laissez les louanges et l&rsquo;espoir des Psaumes illuminer votre chemin de foi !<\/a><\/strong><\/p>\n<\/div><\/div>\n\n\n\n<p><\/p>\n","protected":false},"excerpt":{"rendered":"<p>Plongez-vous dans la profondeur du \u00ab\u00a0Livre quatri\u00e8me des Psaumes\u00a0\u00bb avec notre carnet de Mots M\u00eal\u00e9s Bibliques : Livre quatri\u00e8me. Ce carnet est le quatri\u00e8me de notre s\u00e9rie de 5 d\u00e9di\u00e9e aux Psaumes, offrant une exploration ludique et \u00e9difiante de ces po\u00e8mes bibliques. Accessible \u00e0 tous, ce que sont l&rsquo;\u00e2ge ou les connaissances bibliques, nos carnets &hellip;<\/p>\n<p class=\"read-more\"> <a class=\"\" href=\"https:\/\/motsmelesbibliques.com\/index.php\/livre-quatrieme-des-psaumes\/\"> <span class=\"screen-reader-text\">Livre quatri\u00e8me des Psaumes<\/span> Lire la suite\u00a0\u00bb<\/a><\/p>\n","protected":false},"author":1,"featured_media":0,"parent":0,"menu_order":0,"comment_status":"closed","ping_status":"closed","template":"","meta":{"om_disable_all_campaigns":false,"_uag_custom_page_level_css":"","_monsterinsights_skip_tracking":false,"_monsterinsights_sitenote_active":false,"_monsterinsights_sitenote_note":"","_monsterinsights_sitenote_category":0,"site-sidebar-layout":"default","site-content-layout":"default","ast-global-header-display":"","ast-banner-title-visibility":"","ast-main-header-display":"","ast-hfb-above-header-display":"","ast-hfb-below-header-display":"","ast-hfb-mobile-header-display":"","site-post-title":"","ast-breadcrumbs-content":"","ast-featured-img":"","footer-sml-layout":"","theme-transparent-header-meta":"","adv-header-id-meta":"","stick-header-meta":"","header-above-stick-meta":"","header-main-stick-meta":"","header-below-stick-meta":""},"aioseo_notices":[],"uagb_featured_image_src":{"full":false,"thumbnail":false,"medium":false,"medium_large":false,"large":false,"1536x1536":false,"2048x2048":false},"uagb_author_info":{"display_name":"motsmelesbibliques.com","author_link":"https:\/\/motsmelesbibliques.com\/index.php\/author\/motsmelesbibliques-com\/"},"uagb_comment_info":0,"uagb_excerpt":"Plongez-vous dans la profondeur du \u00ab\u00a0Livre quatri\u00e8me des Psaumes\u00a0\u00bb avec notre carnet de Mots M\u00eal\u00e9s Bibliques : Livre quatri\u00e8me. Ce carnet est le quatri\u00e8me de notre s\u00e9rie de 5 d\u00e9di\u00e9e aux Psaumes, offrant une exploration ludique et \u00e9difiante de ces po\u00e8mes bibliques. Accessible \u00e0 tous, ce que sont l&rsquo;\u00e2ge ou les connaissances bibliques, nos carnets\u2026","_links":{"self":[{"href":"https:\/\/motsmelesbibliques.com\/index.php\/wp-json\/wp\/v2\/pages\/83"}],"collection":[{"href":"https:\/\/motsmelesbibliques.com\/index.php\/wp-json\/wp\/v2\/pages"}],"about":[{"href":"https:\/\/motsmelesbibliques.com\/index.php\/wp-json\/wp\/v2\/types\/page"}],"author":[{"embeddable":true,"href":"https:\/\/motsmelesbibliques.com\/index.php\/wp-json\/wp\/v2\/users\/1"}],"replies":[{"embeddable":true,"href":"https:\/\/motsmelesbibliques.com\/index.php\/wp-json\/wp\/v2\/comments?post=83"}],"version-history":[{"count":2,"href":"https:\/\/motsmelesbibliques.com\/index.php\/wp-json\/wp\/v2\/pages\/83\/revisions"}],"predecessor-version":[{"id":646,"href":"https:\/\/motsmelesbibliques.com\/index.php\/wp-json\/wp\/v2\/pages\/83\/revisions\/646"}],"wp:attachment":[{"href":"https:\/\/motsmelesbibliques.com\/index.php\/wp-json\/wp\/v2\/media?parent=83"}],"curies":[{"name":"wp","href":"https:\/\/api.w.org\/{rel}","templated":true}]}}