{"id":81,"date":"2023-07-30T22:56:16","date_gmt":"2023-07-30T20:56:16","guid":{"rendered":"https:\/\/motsmelesbibliques.com\/?page_id=81"},"modified":"2023-08-04T10:35:21","modified_gmt":"2023-08-04T08:35:21","slug":"livre-troisieme-des-psaumes","status":"publish","type":"page","link":"https:\/\/motsmelesbibliques.com\/index.php\/livre-troisieme-des-psaumes\/","title":{"rendered":"Livre troisi\u00e8me des Psaumes"},"content":{"rendered":"\n<div class=\"wp-block-media-text alignwide is-stacked-on-mobile\"><figure class=\"wp-block-media-text__media\"><img decoding=\"async\" loading=\"lazy\" width=\"549\" height=\"717\" src=\"https:\/\/motsmelesbibliques.com\/wp-content\/uploads\/2023\/08\/Mots-meles-bibliques-Les-Psaumes-livre-troisieme-des-Psaumes.jpg\" alt=\"\" class=\"wp-image-494 size-full\" srcset=\"https:\/\/motsmelesbibliques.com\/wp-content\/uploads\/2023\/08\/Mots-meles-bibliques-Les-Psaumes-livre-troisieme-des-Psaumes.jpg 549w, https:\/\/motsmelesbibliques.com\/wp-content\/uploads\/2023\/08\/Mots-meles-bibliques-Les-Psaumes-livre-troisieme-des-Psaumes-230x300.jpg 230w\" sizes=\"(max-width: 549px) 100vw, 549px\" \/><\/figure><div class=\"wp-block-media-text__content\">\n<h2 class=\"wp-block-heading\">D\u00e9couvrez le \u00ab\u00a0Livre troisi\u00e8me des Psaumes\u00a0\u00bb d&rsquo;une mani\u00e8re ludique avec notre carnet de Mots M\u00eal\u00e9s Bibliques : Livre troisi\u00e8me. <\/h2>\n\n\n\n<p class=\"has-medium-font-size\">Ce carnet est le troisi\u00e8me de notre s\u00e9rie de 5 d\u00e9di\u00e9 aux Psaumes, con\u00e7u pour vous permettre d&rsquo;explorer et d&rsquo;\u00e9tudier ces po\u00e8mes bibliques tout en vous amusant.<\/p>\n\n\n\n<p>Peu importe votre \u00e2ge ou vos connaissances bibliques, nos carnets sont accessibles \u00e0 tous, gr\u00e2ce aux gros caract\u00e8res en grand format, pour faciliter la lecture, m\u00eame pour les personnes ayant une d\u00e9ficience visuelle. La Parole de Dieu est pour tous !<\/p>\n\n\n\n<p>Ce carnet comprend 41 grilles bas\u00e9es sur les Psaumes 73 \u00e0 89 accompagn\u00e9es, correspondants du vocabulaire pour une approche interactive. Les Psaumes plus longs sont fractionn\u00e9s pour une meilleure lisibilit\u00e9, vous permettant ainsi de d\u00e9couvrir 41 textes et 41 grilles de mots m\u00eal\u00e9s.<\/p>\n\n\n\n<p>Sur les pages de gauche, explorez les Psaumes avec les mots cl\u00e9s soulign\u00e9s, tandis que les pages de droite contiennent les grilles de mots m\u00eal\u00e9s pour une exp\u00e9rience amusante et enrichissante.<\/p>\n\n\n\n<p>Le \u00ab\u00a0Livre troisi\u00e8me\u00a0\u00bb des Psaumes traite de l&rsquo;exil d&rsquo;Isra\u00ebl et de la chute de la lign\u00e9e royale de David. Ces po\u00e8mes de lamentations et de louange s&rsquo;adressent \u00e0 tous ceux qui aspirent \u00e0 vivre selon la sagesse divine et \u00e0 attendre l&rsquo;av\u00e8nement du Messie et le Royaume de Dieu.<\/p>\n\n\n\n<p>Embarquez d\u00e8s aujourd&rsquo;hui dans cette aventure spirituelle captivante avec nos Mots M\u00eal\u00e9s Bibliques : Livre troisi\u00e8me.<\/p>\n\n\n\n<p class=\"has-text-align-center\"><strong><a href=\"https:\/\/www.amazon.fr\/m%C3%AAl%C3%A9s-bibliques-Psaumes-Livre-troisi%C3%A8me\/dp\/B0BMZLJKG4\/ref=sr_1_1?__mk_fr_FR=%C3%85M%C3%85%C5%BD%C3%95%C3%91&amp;crid=1ZCNR4QIG7DTA&amp;keywords=mots+meles+bibliques+troisieme&amp;qid=1687885840&amp;sprefix=mots+meles+bibliques+troisieme%2Caps%2C145&amp;sr=8-1\" target=\"_blank\" rel=\"noopener\" title=\"\">Commandez d\u00e8s maintenant et laissez la sagesse des Psaumes illuminer votre chemin de foi !<\/a><\/strong><\/p>\n<\/div><\/div>\n\n\n\n<div style=\"height:100px\" aria-hidden=\"true\" class=\"wp-block-spacer\"><\/div>\n\n\n\n<p class=\"has-text-align-center\"><\/p>\n\n\n\n<p><\/p>\n\n\n\n<p><\/p>\n\n\n\n<p><\/p>\n\n\n\n<p><\/p>\n\n\n\n<p><\/p>\n\n\n\n<p><\/p>\n\n\n\n<p><\/p>\n\n\n\n<p><\/p>\n\n\n\n<p><\/p>\n\n\n\n<p><\/p>\n\n\n\n<p><\/p>\n\n\n\n<p><\/p>\n\n\n\n<p><\/p>\n\n\n\n<p><\/p>\n\n\n\n<p><\/p>\n","protected":false},"excerpt":{"rendered":"<p>D\u00e9couvrez le \u00ab\u00a0Livre troisi\u00e8me des Psaumes\u00a0\u00bb d&rsquo;une mani\u00e8re ludique avec notre carnet de Mots M\u00eal\u00e9s Bibliques : Livre troisi\u00e8me. Ce carnet est le troisi\u00e8me de notre s\u00e9rie de 5 d\u00e9di\u00e9 aux Psaumes, con\u00e7u pour vous permettre d&rsquo;explorer et d&rsquo;\u00e9tudier ces po\u00e8mes bibliques tout en vous amusant. Peu importe votre \u00e2ge ou vos connaissances bibliques, nos &hellip;<\/p>\n<p class=\"read-more\"> <a class=\"\" href=\"https:\/\/motsmelesbibliques.com\/index.php\/livre-troisieme-des-psaumes\/\"> <span class=\"screen-reader-text\">Livre troisi\u00e8me des Psaumes<\/span> Lire la suite\u00a0\u00bb<\/a><\/p>\n","protected":false},"author":1,"featured_media":0,"parent":0,"menu_order":0,"comment_status":"closed","ping_status":"closed","template":"","meta":{"om_disable_all_campaigns":false,"_uag_custom_page_level_css":"","_monsterinsights_skip_tracking":false,"_monsterinsights_sitenote_active":false,"_monsterinsights_sitenote_note":"","_monsterinsights_sitenote_category":0,"site-sidebar-layout":"default","site-content-layout":"default","ast-global-header-display":"","ast-banner-title-visibility":"","ast-main-header-display":"","ast-hfb-above-header-display":"","ast-hfb-below-header-display":"","ast-hfb-mobile-header-display":"","site-post-title":"","ast-breadcrumbs-content":"","ast-featured-img":"","footer-sml-layout":"","theme-transparent-header-meta":"","adv-header-id-meta":"","stick-header-meta":"","header-above-stick-meta":"","header-main-stick-meta":"","header-below-stick-meta":""},"aioseo_notices":[],"uagb_featured_image_src":{"full":false,"thumbnail":false,"medium":false,"medium_large":false,"large":false,"1536x1536":false,"2048x2048":false},"uagb_author_info":{"display_name":"motsmelesbibliques.com","author_link":"https:\/\/motsmelesbibliques.com\/index.php\/author\/motsmelesbibliques-com\/"},"uagb_comment_info":0,"uagb_excerpt":"D\u00e9couvrez le \u00ab\u00a0Livre troisi\u00e8me des Psaumes\u00a0\u00bb d&rsquo;une mani\u00e8re ludique avec notre carnet de Mots M\u00eal\u00e9s Bibliques : Livre troisi\u00e8me. Ce carnet est le troisi\u00e8me de notre s\u00e9rie de 5 d\u00e9di\u00e9 aux Psaumes, con\u00e7u pour vous permettre d&rsquo;explorer et d&rsquo;\u00e9tudier ces po\u00e8mes bibliques tout en vous amusant. Peu importe votre \u00e2ge ou vos connaissances bibliques, nos\u2026","_links":{"self":[{"href":"https:\/\/motsmelesbibliques.com\/index.php\/wp-json\/wp\/v2\/pages\/81"}],"collection":[{"href":"https:\/\/motsmelesbibliques.com\/index.php\/wp-json\/wp\/v2\/pages"}],"about":[{"href":"https:\/\/motsmelesbibliques.com\/index.php\/wp-json\/wp\/v2\/types\/page"}],"author":[{"embeddable":true,"href":"https:\/\/motsmelesbibliques.com\/index.php\/wp-json\/wp\/v2\/users\/1"}],"replies":[{"embeddable":true,"href":"https:\/\/motsmelesbibliques.com\/index.php\/wp-json\/wp\/v2\/comments?post=81"}],"version-history":[{"count":9,"href":"https:\/\/motsmelesbibliques.com\/index.php\/wp-json\/wp\/v2\/pages\/81\/revisions"}],"predecessor-version":[{"id":656,"href":"https:\/\/motsmelesbibliques.com\/index.php\/wp-json\/wp\/v2\/pages\/81\/revisions\/656"}],"wp:attachment":[{"href":"https:\/\/motsmelesbibliques.com\/index.php\/wp-json\/wp\/v2\/media?parent=81"}],"curies":[{"name":"wp","href":"https:\/\/api.w.org\/{rel}","templated":true}]}}