{"id":79,"date":"2023-07-30T22:55:53","date_gmt":"2023-07-30T20:55:53","guid":{"rendered":"https:\/\/motsmelesbibliques.com\/?page_id=79"},"modified":"2023-08-21T19:31:31","modified_gmt":"2023-08-21T17:31:31","slug":"livre-deuxieme-des-psaumes","status":"publish","type":"page","link":"https:\/\/motsmelesbibliques.com\/index.php\/livre-deuxieme-des-psaumes\/","title":{"rendered":"Livre deuxi\u00e8me des Psaumes"},"content":{"rendered":"\n<h2 class=\"wp-block-heading\">Livre deuxi\u00e8me des psaumes : un carnet de mots m\u00eal\u00e9s chr\u00e9tien pour d\u00e9couvrir les Psaumes en vous amusant<\/h2>\n\n\n\n<div class=\"wp-block-media-text alignwide is-stacked-on-mobile\"><figure class=\"wp-block-media-text__media\"><img decoding=\"async\" loading=\"lazy\" width=\"562\" height=\"731\" src=\"https:\/\/motsmelesbibliques.com\/wp-content\/uploads\/2023\/08\/Mots-meles-biblique-Les-Psaumes-livre-deuxieme-des-Psaumes.jpg\" alt=\"\" class=\"wp-image-485 size-full\" srcset=\"https:\/\/motsmelesbibliques.com\/wp-content\/uploads\/2023\/08\/Mots-meles-biblique-Les-Psaumes-livre-deuxieme-des-Psaumes.jpg 562w, https:\/\/motsmelesbibliques.com\/wp-content\/uploads\/2023\/08\/Mots-meles-biblique-Les-Psaumes-livre-deuxieme-des-Psaumes-231x300.jpg 231w\" sizes=\"(max-width: 562px) 100vw, 562px\" \/><\/figure><div class=\"wp-block-media-text__content\">\n<h2 class=\"wp-block-heading\">Plongez dans la richesse du \u00ab\u00a0Livre Deuxi\u00e8me des Psaumes\u00a0\u00bb avec notre carnet de Mots M\u00eal\u00e9s Bibliques : Livre Deuxi\u00e8me.<\/h2>\n\n\n\n<p class=\"has-medium-font-size\">C&rsquo;est le deuxi\u00e8me de notre s\u00e9rie de 5 carnets d\u00e9di\u00e9s aux Psaumes. Il est con\u00e7us pour vous permettre de d\u00e9couvrir et d&rsquo;\u00e9tudier ces textes tout en vous amusant.<\/p>\n\n\n\n<p>Peu importe votre \u00e2ge ou vos connaissances bibliques. <em>Nos carnets s&rsquo;adressent \u00e0 tous<\/em>. Ils sont r\u00e9dig\u00e9s en gros caract\u00e8res et imprim\u00e9s en <strong>grand format<\/strong>. La Parole de Dieu est pour tous !<\/p>\n\n\n\n<p>Ce carnet de <a href=\"https:\/\/motsmelesbibliques.com\/\" target=\"_blank\" rel=\"noopener\" title=\"\">Mots M\u00eal\u00e9s Bibliques<\/a> comporte 59 grilles et traite des Psaumes 42 \u00e0 72. Les Psaumes les plus longs sont fractionn\u00e9s pour une meilleure lisibilit\u00e9. <em>Chaque grille est cr\u00e9\u00e9e \u00e0 partir du vocabulaire du Psaume qui la pr\u00e9c\u00e8de<\/em>.<\/p>\n\n\n\n<p>Les pages de gauche pr\u00e9sentent les Psaumes avec les mots cl\u00e9s soulign\u00e9s, tandis que les pages de droite pr\u00e9sentent les grilles de mots m\u00eal\u00e9s, facilitant ainsi la lecture et l&rsquo;utilisation.<\/p>\n\n\n\n<p><a href=\"https:\/\/motsmelesbibliques.com\/index.php\/le-livre-des-psaumes\/\" target=\"_blank\" rel=\"noopener\" title=\"\">Les Psaumes<\/a> constituent une partie importante de la Bible et de l&rsquo;Ancien Testament, avec 150 po\u00e8mes dans le livre complet. Ce carnet se concentre sur le \u00ab\u00a0Livre Deuxi\u00e8me\u00a0\u00bb, il contient 30 Psaumes \u00e9crits par le <a href=\"https:\/\/fr.wikipedia.org\/wiki\/David_(roi_d%27Isra%C3%ABl)\" target=\"_blank\" rel=\"noopener\" title=\"\">roi David<\/a>.<\/p>\n\n\n\n<p>Plongez-vous dans les pri\u00e8res et la foi in\u00e9branlable de David, apprenez \u00e0 entrer dans la pr\u00e9sence de Dieu dans les joies et les peines. Commandez d\u00e8s aujourd&rsquo;hui notre carnet de Mots M\u00eal\u00e9s Bibliques.!<\/p>\n\n\n\n<p class=\"has-text-align-center\"><a href=\"https:\/\/www.amazon.fr\/dp\/B0BNLB2Z51\/ref=sr_1_8?__mk_fr_FR=%C3%85M%C3%85%C5%BD%C3%95%C3%91&amp;keywords=mots+meles+bibliques&amp;qid=1669743059&amp;qu=eyJxc2MiOiIwLjAwIiwicXNhIjoiMC4wMCIsInFzcCI6IjAuMDAifQ%3D%3D&amp;sr=8-8\" target=\"_blank\" rel=\"noopener nofollow\" title=\"\"><strong>Laissez-vous inspirer par la sagesse des Psaumes !<\/strong><\/a><\/p>\n<\/div><\/div>\n\n\n\n<p>   <\/p>\n\n\n\n<p><\/p>\n\n\n\n<p><\/p>\n\n\n\n<p><\/p>\n","protected":false},"excerpt":{"rendered":"<p>Livre deuxi\u00e8me des psaumes : un carnet de mots m\u00eal\u00e9s chr\u00e9tien pour d\u00e9couvrir les Psaumes en vous amusant Plongez dans la richesse du \u00ab\u00a0Livre Deuxi\u00e8me des Psaumes\u00a0\u00bb avec notre carnet de Mots M\u00eal\u00e9s Bibliques : Livre Deuxi\u00e8me. C&rsquo;est le deuxi\u00e8me de notre s\u00e9rie de 5 carnets d\u00e9di\u00e9s aux Psaumes. Il est con\u00e7us pour vous permettre &hellip;<\/p>\n<p class=\"read-more\"> <a class=\"\" href=\"https:\/\/motsmelesbibliques.com\/index.php\/livre-deuxieme-des-psaumes\/\"> <span class=\"screen-reader-text\">Livre deuxi\u00e8me des Psaumes<\/span> Lire la suite\u00a0\u00bb<\/a><\/p>\n","protected":false},"author":1,"featured_media":0,"parent":0,"menu_order":0,"comment_status":"closed","ping_status":"closed","template":"","meta":{"om_disable_all_campaigns":false,"_uag_custom_page_level_css":"","_monsterinsights_skip_tracking":false,"_monsterinsights_sitenote_active":false,"_monsterinsights_sitenote_note":"","_monsterinsights_sitenote_category":0,"site-sidebar-layout":"default","site-content-layout":"default","ast-global-header-display":"","ast-banner-title-visibility":"","ast-main-header-display":"","ast-hfb-above-header-display":"","ast-hfb-below-header-display":"","ast-hfb-mobile-header-display":"","site-post-title":"disabled","ast-breadcrumbs-content":"","ast-featured-img":"","footer-sml-layout":"","theme-transparent-header-meta":"","adv-header-id-meta":"","stick-header-meta":"","header-above-stick-meta":"","header-main-stick-meta":"","header-below-stick-meta":""},"aioseo_notices":[],"uagb_featured_image_src":{"full":false,"thumbnail":false,"medium":false,"medium_large":false,"large":false,"1536x1536":false,"2048x2048":false},"uagb_author_info":{"display_name":"motsmelesbibliques.com","author_link":"https:\/\/motsmelesbibliques.com\/index.php\/author\/motsmelesbibliques-com\/"},"uagb_comment_info":0,"uagb_excerpt":"Livre deuxi\u00e8me des psaumes : un carnet de mots m\u00eal\u00e9s chr\u00e9tien pour d\u00e9couvrir les Psaumes en vous amusant Plongez dans la richesse du \u00ab\u00a0Livre Deuxi\u00e8me des Psaumes\u00a0\u00bb avec notre carnet de Mots M\u00eal\u00e9s Bibliques : Livre Deuxi\u00e8me. C&rsquo;est le deuxi\u00e8me de notre s\u00e9rie de 5 carnets d\u00e9di\u00e9s aux Psaumes. Il est con\u00e7us pour vous permettre\u2026","_links":{"self":[{"href":"https:\/\/motsmelesbibliques.com\/index.php\/wp-json\/wp\/v2\/pages\/79"}],"collection":[{"href":"https:\/\/motsmelesbibliques.com\/index.php\/wp-json\/wp\/v2\/pages"}],"about":[{"href":"https:\/\/motsmelesbibliques.com\/index.php\/wp-json\/wp\/v2\/types\/page"}],"author":[{"embeddable":true,"href":"https:\/\/motsmelesbibliques.com\/index.php\/wp-json\/wp\/v2\/users\/1"}],"replies":[{"embeddable":true,"href":"https:\/\/motsmelesbibliques.com\/index.php\/wp-json\/wp\/v2\/comments?post=79"}],"version-history":[{"count":14,"href":"https:\/\/motsmelesbibliques.com\/index.php\/wp-json\/wp\/v2\/pages\/79\/revisions"}],"predecessor-version":[{"id":907,"href":"https:\/\/motsmelesbibliques.com\/index.php\/wp-json\/wp\/v2\/pages\/79\/revisions\/907"}],"wp:attachment":[{"href":"https:\/\/motsmelesbibliques.com\/index.php\/wp-json\/wp\/v2\/media?parent=79"}],"curies":[{"name":"wp","href":"https:\/\/api.w.org\/{rel}","templated":true}]}}