{"id":77,"date":"2023-07-30T22:55:30","date_gmt":"2023-07-30T20:55:30","guid":{"rendered":"https:\/\/motsmelesbibliques.com\/?page_id=77"},"modified":"2023-08-21T19:19:32","modified_gmt":"2023-08-21T17:19:32","slug":"livre-premier-des-psaumes","status":"publish","type":"page","link":"https:\/\/motsmelesbibliques.com\/index.php\/livre-premier-des-psaumes\/","title":{"rendered":"Livre premier des Psaumes"},"content":{"rendered":"\n<h2 class=\"wp-block-heading\">Livre premier des Psaumes : un carnet de mots m\u00eal\u00e9s pour approfondir les Psaumes de fa\u00e7on ludique<\/h2>\n\n\n\n<div class=\"wp-block-media-text alignwide is-stacked-on-mobile\"><figure class=\"wp-block-media-text__media\"><img decoding=\"async\" loading=\"lazy\" width=\"503\" height=\"655\" src=\"https:\/\/motsmelesbibliques.com\/wp-content\/uploads\/2023\/08\/Mots-meles-biblique-Les-Psaumes-livre-premier-des-Psaumes.jpg\" alt=\"\" class=\"wp-image-482 size-full\" srcset=\"https:\/\/motsmelesbibliques.com\/wp-content\/uploads\/2023\/08\/Mots-meles-biblique-Les-Psaumes-livre-premier-des-Psaumes.jpg 503w, https:\/\/motsmelesbibliques.com\/wp-content\/uploads\/2023\/08\/Mots-meles-biblique-Les-Psaumes-livre-premier-des-Psaumes-230x300.jpg 230w\" sizes=\"(max-width: 503px) 100vw, 503px\" \/><\/figure><div class=\"wp-block-media-text__content\">\n<h2 class=\"wp-block-heading\">Plongez dans l&rsquo;univers captivant du Livre Premier des Psaumes avec notre carnet de grilles de Mots M\u00eal\u00e9s Bibliques : Livre Premier.<\/h2>\n\n\n\n<p class=\"has-medium-font-size\">Ce carnet est le premier de notre s\u00e9rie de 5, con\u00e7u pour vous permettre de <a href=\"https:\/\/motsmelesbibliques.com\/index.php\/les-livres-des-psaumes\/\" target=\"_blank\" rel=\"noopener\" title=\"\">d\u00e9couvrir et d&rsquo;\u00e9tudier les Psaumes de mani\u00e8re ludique<\/a>.<\/p>\n\n\n\n<p>Quel que soit votre \u00e2ge ou vos connaissances bibliques, <em>nos carnets s&rsquo;adressent \u00e0 tous<\/em>. Le Livre Premier contient 70 grilles bas\u00e9es sur les 41 premiers <strong>Psaumes de la Bible<\/strong>, fractionn\u00e9s pour plus de clart\u00e9. Chaque grille est r\u00e9alis\u00e9e \u00e0 partir du <strong>vocabulaire du Psaume<\/strong> qui la pr\u00e9c\u00e8de, offrant ainsi une approche interactive et enrichissante.<\/p>\n\n\n\n<p>Notre traduction de la Bible <a href=\"http:\/\/www.info-bible.org\/lsg\/\" target=\"_blank\" rel=\"noopener\" title=\"\">Louis Segond 1910<\/a> vous plongera au c\u0153ur des textes sacr\u00e9s. Sur les pages de gauche, vous d\u00e9couvrirez les Psaumes ou une partie d&rsquo;entre eux, avec les mots cl\u00e9s soulign\u00e9s pour faciliter la m\u00e9ditation. Les pages de droite pr\u00e9sentent les grilles de mots m\u00eal\u00e9s, o\u00f9 les mots soulign\u00e9s sont r\u00e9\u00e9crits en majuscule pour une lecture ais\u00e9e.<\/p>\n\n\n\n<p>Ce projet biblique s&rsquo;adresse \u00e0 tous les c\u0153urs d\u00e9sireux de se rapprocher de la <strong>Parole de Dieu<\/strong>. Nous avons privil\u00e9gi\u00e9 un grand format d&rsquo;impression et des caract\u00e8res jumbo pour rendre l&rsquo;utilisation facile pour tous, y compris les personnes ayant une d\u00e9ficience visuelle.<\/p>\n\n\n\n<p><a href=\"https:\/\/motsmelesbibliques.com\/index.php\/le-livre-des-psaumes\/\" target=\"_blank\" rel=\"noopener\" title=\"\">Les Psaumes<\/a> racontent l&rsquo;histoire de <strong>la Bible en po\u00e9sie<\/strong>, un recueil de <strong>cantiques <\/strong>et de <strong>pri\u00e8res<\/strong>. D\u00e9couvrez la vie du <a href=\"https:\/\/fr.wikipedia.org\/wiki\/David_(roi_d%27Isra%C3%ABl)\" target=\"_blank\" rel=\"noopener\" title=\"\">roi David <\/a>et de sa famille \u00e0 travers le Livre Premier des Psaumes.<\/p>\n\n\n\n<p class=\"has-text-align-center\"><strong><a href=\"https:\/\/www.amazon.fr\/m%C3%AAl%C3%A9s-bibliques-Psaumes-Livre-premier\/dp\/B0BMYDHDL1\/ref=sr_1_1?__mk_fr_FR=%C3%85M%C3%85%C5%BD%C3%95%C3%91&amp;keywords=mots+meles+bibliques+livre+premier&amp;qid=1691134868&amp;sr=8-1\" target=\"_blank\" rel=\"noopener\" title=\"\">Commandez d\u00e8s maintenant et embarquez dans une aventure spirituelle captivante !<\/a><\/strong><\/p>\n<\/div><\/div>\n\n\n\n<p>Mots M\u00eal\u00e9s Bibliques : Livre premier des psaumes et grilles<\/p>\n\n\n\n<div style=\"height:100px\" aria-hidden=\"true\" class=\"wp-block-spacer\"><\/div>\n","protected":false},"excerpt":{"rendered":"<p>Livre premier des Psaumes : un carnet de mots m\u00eal\u00e9s pour approfondir les Psaumes de fa\u00e7on ludique Plongez dans l&rsquo;univers captivant du Livre Premier des Psaumes avec notre carnet de grilles de Mots M\u00eal\u00e9s Bibliques : Livre Premier. Ce carnet est le premier de notre s\u00e9rie de 5, con\u00e7u pour vous permettre de d\u00e9couvrir et &hellip;<\/p>\n<p class=\"read-more\"> <a class=\"\" href=\"https:\/\/motsmelesbibliques.com\/index.php\/livre-premier-des-psaumes\/\"> <span class=\"screen-reader-text\">Livre premier des Psaumes<\/span> Lire la suite\u00a0\u00bb<\/a><\/p>\n","protected":false},"author":1,"featured_media":0,"parent":0,"menu_order":0,"comment_status":"closed","ping_status":"closed","template":"","meta":{"om_disable_all_campaigns":false,"_uag_custom_page_level_css":"","_monsterinsights_skip_tracking":false,"_monsterinsights_sitenote_active":false,"_monsterinsights_sitenote_note":"","_monsterinsights_sitenote_category":0,"site-sidebar-layout":"default","site-content-layout":"default","ast-global-header-display":"","ast-banner-title-visibility":"","ast-main-header-display":"","ast-hfb-above-header-display":"","ast-hfb-below-header-display":"","ast-hfb-mobile-header-display":"","site-post-title":"disabled","ast-breadcrumbs-content":"","ast-featured-img":"","footer-sml-layout":"","theme-transparent-header-meta":"","adv-header-id-meta":"","stick-header-meta":"","header-above-stick-meta":"","header-main-stick-meta":"","header-below-stick-meta":""},"aioseo_notices":[],"uagb_featured_image_src":{"full":false,"thumbnail":false,"medium":false,"medium_large":false,"large":false,"1536x1536":false,"2048x2048":false},"uagb_author_info":{"display_name":"motsmelesbibliques.com","author_link":"https:\/\/motsmelesbibliques.com\/index.php\/author\/motsmelesbibliques-com\/"},"uagb_comment_info":0,"uagb_excerpt":"Livre premier des Psaumes : un carnet de mots m\u00eal\u00e9s pour approfondir les Psaumes de fa\u00e7on ludique Plongez dans l&rsquo;univers captivant du Livre Premier des Psaumes avec notre carnet de grilles de Mots M\u00eal\u00e9s Bibliques : Livre Premier. Ce carnet est le premier de notre s\u00e9rie de 5, con\u00e7u pour vous permettre de d\u00e9couvrir et\u2026","_links":{"self":[{"href":"https:\/\/motsmelesbibliques.com\/index.php\/wp-json\/wp\/v2\/pages\/77"}],"collection":[{"href":"https:\/\/motsmelesbibliques.com\/index.php\/wp-json\/wp\/v2\/pages"}],"about":[{"href":"https:\/\/motsmelesbibliques.com\/index.php\/wp-json\/wp\/v2\/types\/page"}],"author":[{"embeddable":true,"href":"https:\/\/motsmelesbibliques.com\/index.php\/wp-json\/wp\/v2\/users\/1"}],"replies":[{"embeddable":true,"href":"https:\/\/motsmelesbibliques.com\/index.php\/wp-json\/wp\/v2\/comments?post=77"}],"version-history":[{"count":17,"href":"https:\/\/motsmelesbibliques.com\/index.php\/wp-json\/wp\/v2\/pages\/77\/revisions"}],"predecessor-version":[{"id":891,"href":"https:\/\/motsmelesbibliques.com\/index.php\/wp-json\/wp\/v2\/pages\/77\/revisions\/891"}],"wp:attachment":[{"href":"https:\/\/motsmelesbibliques.com\/index.php\/wp-json\/wp\/v2\/media?parent=77"}],"curies":[{"name":"wp","href":"https:\/\/api.w.org\/{rel}","templated":true}]}}