{"id":277,"date":"2023-07-31T11:02:45","date_gmt":"2023-07-31T09:02:45","guid":{"rendered":"https:\/\/motsmelesbibliques.com\/?page_id=277"},"modified":"2023-08-04T18:10:22","modified_gmt":"2023-08-04T16:10:22","slug":"nouveau","status":"publish","type":"page","link":"https:\/\/motsmelesbibliques.com\/index.php\/nouveau\/","title":{"rendered":"Nouveaut\u00e9s"},"content":{"rendered":"\n<h2 class=\"wp-block-heading has-text-align-center has-medium-font-size\">Nous sommes en cours de r\u00e9alisation d&rsquo;un carnet de Mots m\u00eal\u00e9s Bibliques.<\/h2>\n\n\n\n<p class=\"has-text-align-center has-medium-font-size\">Le th\u00e8me de notre prochaine aventure biblique sera : <strong>l&rsquo;Ancien Testament.<\/strong><\/p>\n\n\n\n<p>Voici \u00e0 quoi ce nouveau carnet de Mots M\u00eal\u00e9s Bibliques pourrait ressembler :<\/p>\n\n\n\n<figure class=\"wp-block-image aligncenter size-full is-resized\"><img decoding=\"async\" loading=\"lazy\" src=\"https:\/\/motsmelesbibliques.com\/wp-content\/uploads\/2023\/08\/Mots-meles-biblique-LAncien-Testament-mots-meles-de-la-Bible.jpg\" alt=\"\" class=\"wp-image-674\" width=\"278\" height=\"363\" srcset=\"https:\/\/motsmelesbibliques.com\/wp-content\/uploads\/2023\/08\/Mots-meles-biblique-LAncien-Testament-mots-meles-de-la-Bible.jpg 556w, https:\/\/motsmelesbibliques.com\/wp-content\/uploads\/2023\/08\/Mots-meles-biblique-LAncien-Testament-mots-meles-de-la-Bible-230x300.jpg 230w\" sizes=\"(max-width: 278px) 100vw, 278px\" \/><\/figure>\n\n\n\n<div style=\"height:15px\" aria-hidden=\"true\" class=\"wp-block-spacer\"><\/div>\n\n\n\n<p>Nous vous inviterons cette fois-ci \u00e0 participer un \u00ab\u00a0voyage dans le temps\u00a0\u00bb avec le peuple de Dieu. Nous vous proposerons de cheminer avec Dieu et son peuple, au travers des \u00e9tapes cl\u00e9s de l&rsquo;Ancien Testament.<\/p>\n\n\n\n<p>Ce qui est ancien n&rsquo;est pas \u00e0 rejeter ou \u00e0 oublier. L&rsquo;ancien est utile ! Il sert \u00e0 comprendre et connaitre en profondeur ce qui est nouveau. L&rsquo;Ancien Testament nous parle d&rsquo;ailleurs d\u00e9j\u00e0 de J\u00e9sus.<\/p>\n\n\n\n<p>Ce qui est \u00ab\u00a0ancien\u00a0\u00bb sert \u00e0 nous guider vers ce qui est \u00ab\u00a0nouveau\u00a0\u00bb. J\u00e9sus a en effet lui-m\u00eame \u00e9tudi\u00e9 et s&rsquo;est nourri spirituellement des textes sacr\u00e9s de l&rsquo;Ancien Testament. J\u00e9sus est lui-m\u00eame venu en chaire pour accomplir l&rsquo;Ancien Testament !<\/p>\n\n\n\n<p>J\u00e9sus a dit que \u00ab\u00a0<em>tout scribe instruit de ce qui regarde le royaume des cieux est semblable \u00e0 un ma\u00eetre de maison qui tire de son tr\u00e9sor des choses nouvelles et des choses anciennes<\/em>\u00ab\u00a0. (Matthieu 13:52)<\/p>\n\n\n\n<p>J\u00e9sus a annonc\u00e9 <em>\u00ab\u00a0Ne croyez pas que je sois venu pour abolir la loi ou les proph\u00e8tes; je suis venu non pour abolir, mais pour accomplir\u00a0\u00bb.<\/em> (Matthieu 5:17)<\/p>\n\n\n\n<p>La compr\u00e9hension de l&rsquo;Ancien Testament aide \u00e0 comprendre le Nouveau Testament. Elle nous aide \u00e0 cheminer avec Dieu. L&rsquo;Ancien Testament nous aide \u00e0 devenir mieux capables d&rsquo;accueillir la bonne nouvelle de Dieu qui est J\u00e9sus, son Fils Unique notre Sauveur!  J\u00e9sus est le chemin la v\u00e9rit\u00e9 et la vie !<\/p>\n\n\n\n<p>J\u00e9sus a en effet annonc\u00e9 \u00e0 Thomas qui doutait :<\/p>\n\n\n\n<p><em>\u00a0\u00bb Je suis le chemin, la v\u00e9rit\u00e9, et la vie. Nul ne vient au P\u00e8re que par moi. Si vous me connaissiez, vous conna\u00eetriez aussi mon P\u00e8re. Et d\u00e8s maintenant vous le connaissez, et vous l&rsquo;avez vu\u00a0\u00bb. (Jean 14: 6-7)<\/em><\/p>\n\n\n\n<p><\/p>\n\n\n\n<p><\/p>\n\n\n\n<p><\/p>\n\n\n\n<p><\/p>\n\n\n\n<p><\/p>\n","protected":false},"excerpt":{"rendered":"<p>Nous sommes en cours de r\u00e9alisation d&rsquo;un carnet de Mots m\u00eal\u00e9s Bibliques. Le th\u00e8me de notre prochaine aventure biblique sera : l&rsquo;Ancien Testament. Voici \u00e0 quoi ce nouveau carnet de Mots M\u00eal\u00e9s Bibliques pourrait ressembler : Nous vous inviterons cette fois-ci \u00e0 participer un \u00ab\u00a0voyage dans le temps\u00a0\u00bb avec le peuple de Dieu. Nous vous &hellip;<\/p>\n<p class=\"read-more\"> <a class=\"\" href=\"https:\/\/motsmelesbibliques.com\/index.php\/nouveau\/\"> <span class=\"screen-reader-text\">Nouveaut\u00e9s<\/span> Lire la suite\u00a0\u00bb<\/a><\/p>\n","protected":false},"author":1,"featured_media":0,"parent":0,"menu_order":0,"comment_status":"closed","ping_status":"closed","template":"","meta":{"om_disable_all_campaigns":false,"_uag_custom_page_level_css":"","_monsterinsights_skip_tracking":false,"_monsterinsights_sitenote_active":false,"_monsterinsights_sitenote_note":"","_monsterinsights_sitenote_category":0,"site-sidebar-layout":"default","site-content-layout":"default","ast-global-header-display":"","ast-banner-title-visibility":"","ast-main-header-display":"","ast-hfb-above-header-display":"","ast-hfb-below-header-display":"","ast-hfb-mobile-header-display":"","site-post-title":"disabled","ast-breadcrumbs-content":"","ast-featured-img":"","footer-sml-layout":"","theme-transparent-header-meta":"","adv-header-id-meta":"","stick-header-meta":"","header-above-stick-meta":"","header-main-stick-meta":"","header-below-stick-meta":""},"aioseo_notices":[],"uagb_featured_image_src":{"full":false,"thumbnail":false,"medium":false,"medium_large":false,"large":false,"1536x1536":false,"2048x2048":false},"uagb_author_info":{"display_name":"motsmelesbibliques.com","author_link":"https:\/\/motsmelesbibliques.com\/index.php\/author\/motsmelesbibliques-com\/"},"uagb_comment_info":0,"uagb_excerpt":"Nous sommes en cours de r\u00e9alisation d&rsquo;un carnet de Mots m\u00eal\u00e9s Bibliques. Le th\u00e8me de notre prochaine aventure biblique sera : l&rsquo;Ancien Testament. Voici \u00e0 quoi ce nouveau carnet de Mots M\u00eal\u00e9s Bibliques pourrait ressembler : Nous vous inviterons cette fois-ci \u00e0 participer un \u00ab\u00a0voyage dans le temps\u00a0\u00bb avec le peuple de Dieu. Nous vous\u2026","_links":{"self":[{"href":"https:\/\/motsmelesbibliques.com\/index.php\/wp-json\/wp\/v2\/pages\/277"}],"collection":[{"href":"https:\/\/motsmelesbibliques.com\/index.php\/wp-json\/wp\/v2\/pages"}],"about":[{"href":"https:\/\/motsmelesbibliques.com\/index.php\/wp-json\/wp\/v2\/types\/page"}],"author":[{"embeddable":true,"href":"https:\/\/motsmelesbibliques.com\/index.php\/wp-json\/wp\/v2\/users\/1"}],"replies":[{"embeddable":true,"href":"https:\/\/motsmelesbibliques.com\/index.php\/wp-json\/wp\/v2\/comments?post=277"}],"version-history":[{"count":14,"href":"https:\/\/motsmelesbibliques.com\/index.php\/wp-json\/wp\/v2\/pages\/277\/revisions"}],"predecessor-version":[{"id":768,"href":"https:\/\/motsmelesbibliques.com\/index.php\/wp-json\/wp\/v2\/pages\/277\/revisions\/768"}],"wp:attachment":[{"href":"https:\/\/motsmelesbibliques.com\/index.php\/wp-json\/wp\/v2\/media?parent=277"}],"curies":[{"name":"wp","href":"https:\/\/api.w.org\/{rel}","templated":true}]}}