{"id":220,"date":"2023-07-31T09:32:47","date_gmt":"2023-07-31T07:32:47","guid":{"rendered":"https:\/\/motsmelesbibliques.com\/?page_id=220"},"modified":"2023-08-04T21:20:57","modified_gmt":"2023-08-04T19:20:57","slug":"gratuit","status":"publish","type":"page","link":"https:\/\/motsmelesbibliques.com\/index.php\/gratuit\/","title":{"rendered":"Gratuit"},"content":{"rendered":"\n<h2 class=\"wp-block-heading\">Nos grilles de Mots M\u00eal\u00e9s Bibliques gratuites<\/h2>\n\n\n\n<div style=\"height:30px\" aria-hidden=\"true\" class=\"wp-block-spacer\"><\/div>\n\n\n\n<div class=\"wp-block-media-text alignwide is-stacked-on-mobile\"><figure class=\"wp-block-media-text__media\"><img decoding=\"async\" loading=\"lazy\" width=\"595\" height=\"740\" src=\"https:\/\/motsmelesbibliques.com\/wp-content\/uploads\/2023\/07\/Telecharger-gratuitement-des-grilles-de-mots-meles-de-la-Bible.jpg\" alt=\"\" class=\"wp-image-394 size-full\" srcset=\"https:\/\/motsmelesbibliques.com\/wp-content\/uploads\/2023\/07\/Telecharger-gratuitement-des-grilles-de-mots-meles-de-la-Bible.jpg 595w, https:\/\/motsmelesbibliques.com\/wp-content\/uploads\/2023\/07\/Telecharger-gratuitement-des-grilles-de-mots-meles-de-la-Bible-241x300.jpg 241w\" sizes=\"(max-width: 595px) 100vw, 595px\" \/><\/figure><div class=\"wp-block-media-text__content\">\n<h3 class=\"wp-block-heading\">Vous avez re\u00e7u gratuitement, donnez gratuitement (Mt 10, 8)<\/h3>\n\n\n\n<p><strong>DES PSAUMES ET GRILLES \u00c0 T\u00c9L\u00c9CHARGER GRATUITEMENT<\/strong><\/p>\n\n\n\n<p>Plongez dans un univers captivant en explorant les Psaumes de mani\u00e8re ludique et instructive gr\u00e2ce \u00e0 nos grilles de mots m\u00eal\u00e9s. T\u00e9l\u00e9chargez notre s\u00e9lection gratuite de mots m\u00eal\u00e9s sur les Psaumes et d\u00e9couvrez notre collection compl\u00e8te.<\/p>\n\n\n\n<p>Nos mots m\u00eal\u00e9s sont \u00e9labor\u00e9s pour stimuler votre esprit tout en m\u00e9ditant les paroles inspirantes des Psaumes. Chaque grille est cr\u00e9\u00e9e en prenant en compte le vocabulaire sp\u00e9cifique de chaque psaume, vous permettant ainsi d&rsquo;explorer ces chants po\u00e9tiques et spirituels de mani\u00e8re interactive.<\/p>\n\n\n\n<p>Que vous souhaitiez vous d\u00e9tendre, enrichir vos moments de pri\u00e8re ou utiliser ces mots m\u00eal\u00e9s comme outil p\u00e9dagogique pour les enfants, nous avons ce qu&rsquo;il vous faut.<\/p>\n\n\n\n<p>T\u00e9l\u00e9chargez d\u00e8s maintenant nos mots m\u00eal\u00e9s gratuits sur les psaumes et profitez de cette pr\u00e9cieuse ressource. Imprimez et partagez nos mots m\u00eal\u00e9s avec vos proches, utilisez-les lors de vos r\u00e9unions d&rsquo;\u00e9tude biblique. Revenez souvent sur notre site, car nous ajoutons r\u00e9guli\u00e8rement de nouvelles grilles et d&rsquo;autres ressources passionnantes.<\/p>\n\n\n\n<p>Explorez la beaut\u00e9 et la sagesse des Psaumes tout en vous amusant avec nos mots m\u00eal\u00e9s bibliques. Laissez la puissance des mots vous inspirer et illuminer votre chemin spirituel.<\/p>\n\n\n\n<p>Bonne r\u00e9solution de mots m\u00eal\u00e9s !<\/p>\n\n\n\n<p><strong><a href=\"https:\/\/drive.google.com\/file\/d\/1-SrHJQ1Y5z7jFhyOmNxU1XnZ001YwbQO\/view\" target=\"_blank\" rel=\"noopener\" title=\"\">T\u00e9l\u00e9charger gratuitement<\/a><\/strong><\/p>\n<\/div><\/div>\n","protected":false},"excerpt":{"rendered":"<p>Nos grilles de Mots M\u00eal\u00e9s Bibliques gratuites Vous avez re\u00e7u gratuitement, donnez gratuitement (Mt 10, 8) DES PSAUMES ET GRILLES \u00c0 T\u00c9L\u00c9CHARGER GRATUITEMENT Plongez dans un univers captivant en explorant les Psaumes de mani\u00e8re ludique et instructive gr\u00e2ce \u00e0 nos grilles de mots m\u00eal\u00e9s. T\u00e9l\u00e9chargez notre s\u00e9lection gratuite de mots m\u00eal\u00e9s sur les Psaumes et &hellip;<\/p>\n<p class=\"read-more\"> <a class=\"\" href=\"https:\/\/motsmelesbibliques.com\/index.php\/gratuit\/\"> <span class=\"screen-reader-text\">Gratuit<\/span> Lire la suite\u00a0\u00bb<\/a><\/p>\n","protected":false},"author":1,"featured_media":0,"parent":0,"menu_order":0,"comment_status":"closed","ping_status":"closed","template":"","meta":{"om_disable_all_campaigns":false,"_uag_custom_page_level_css":"","_monsterinsights_skip_tracking":false,"_monsterinsights_sitenote_active":false,"_monsterinsights_sitenote_note":"","_monsterinsights_sitenote_category":0,"site-sidebar-layout":"default","site-content-layout":"default","ast-global-header-display":"","ast-banner-title-visibility":"","ast-main-header-display":"","ast-hfb-above-header-display":"","ast-hfb-below-header-display":"","ast-hfb-mobile-header-display":"","site-post-title":"disabled","ast-breadcrumbs-content":"","ast-featured-img":"","footer-sml-layout":"","theme-transparent-header-meta":"","adv-header-id-meta":"","stick-header-meta":"","header-above-stick-meta":"","header-main-stick-meta":"","header-below-stick-meta":""},"aioseo_notices":[],"uagb_featured_image_src":{"full":false,"thumbnail":false,"medium":false,"medium_large":false,"large":false,"1536x1536":false,"2048x2048":false},"uagb_author_info":{"display_name":"motsmelesbibliques.com","author_link":"https:\/\/motsmelesbibliques.com\/index.php\/author\/motsmelesbibliques-com\/"},"uagb_comment_info":0,"uagb_excerpt":"Nos grilles de Mots M\u00eal\u00e9s Bibliques gratuites Vous avez re\u00e7u gratuitement, donnez gratuitement (Mt 10, 8) DES PSAUMES ET GRILLES \u00c0 T\u00c9L\u00c9CHARGER GRATUITEMENT Plongez dans un univers captivant en explorant les Psaumes de mani\u00e8re ludique et instructive gr\u00e2ce \u00e0 nos grilles de mots m\u00eal\u00e9s. T\u00e9l\u00e9chargez notre s\u00e9lection gratuite de mots m\u00eal\u00e9s sur les Psaumes et\u2026","_links":{"self":[{"href":"https:\/\/motsmelesbibliques.com\/index.php\/wp-json\/wp\/v2\/pages\/220"}],"collection":[{"href":"https:\/\/motsmelesbibliques.com\/index.php\/wp-json\/wp\/v2\/pages"}],"about":[{"href":"https:\/\/motsmelesbibliques.com\/index.php\/wp-json\/wp\/v2\/types\/page"}],"author":[{"embeddable":true,"href":"https:\/\/motsmelesbibliques.com\/index.php\/wp-json\/wp\/v2\/users\/1"}],"replies":[{"embeddable":true,"href":"https:\/\/motsmelesbibliques.com\/index.php\/wp-json\/wp\/v2\/comments?post=220"}],"version-history":[{"count":13,"href":"https:\/\/motsmelesbibliques.com\/index.php\/wp-json\/wp\/v2\/pages\/220\/revisions"}],"predecessor-version":[{"id":799,"href":"https:\/\/motsmelesbibliques.com\/index.php\/wp-json\/wp\/v2\/pages\/220\/revisions\/799"}],"wp:attachment":[{"href":"https:\/\/motsmelesbibliques.com\/index.php\/wp-json\/wp\/v2\/media?parent=220"}],"curies":[{"name":"wp","href":"https:\/\/api.w.org\/{rel}","templated":true}]}}