{"id":178,"date":"2023-07-31T09:14:28","date_gmt":"2023-07-31T07:14:28","guid":{"rendered":"https:\/\/motsmelesbibliques.com\/?page_id=178"},"modified":"2023-08-05T10:38:53","modified_gmt":"2023-08-05T08:38:53","slug":"nous-soutenir","status":"publish","type":"page","link":"https:\/\/motsmelesbibliques.com\/index.php\/nous-soutenir\/","title":{"rendered":"Soutenir"},"content":{"rendered":"\n<h2 class=\"wp-block-heading\">Vous pouvez soutenir !<\/h2>\n\n\n\n<div style=\"height:30px\" aria-hidden=\"true\" class=\"wp-block-spacer\"><\/div>\n\n\n\n<p>Nous avons souhait\u00e9 cr\u00e9er des carnets de Mots M\u00eal\u00e9s Bibliques int\u00e9ressants, ludiques et accessibles au plus grand nombre. Nous esp\u00e9rons avoir r\u00e9ussi \u00e0 associer spiritualit\u00e9 et mots m\u00eal\u00e9s.<\/p>\n\n\n\n<p>Avez vous d\u00e9couvert plus en profondeur la Bible, en passant un moment agr\u00e9able ? Si c&rsquo;est le cas, nous en somme satisfaits. Faites-le nous savoir ! Faites-le savoir autour de vous !<\/p>\n\n\n\n<p>N&rsquo;h\u00e9sitez pas \u00e0 parler et partager concernant <strong>motsmelesbibliques.com<\/strong><\/p>\n\n\n\n<p>Si vous avez appr\u00e9ci\u00e9 un ou plusieurs de nos carnets de mots m\u00eal\u00e9s chr\u00e9tiens, merci de laisser votre commentaire sur notre page de vente Amazon. Ce message nous encouragera et donnera plus de visibilit\u00e9 \u00e0 ce carnet. D&rsquo;autres lecteurs pourront nous trouver plus facilement, lire votre recommandation et partager votre exp\u00e9rience. Merci d&rsquo;avance.<\/p>\n\n\n\n<p>Si l&rsquo;exp\u00e9rience vous a plu, faites d\u00e9couvrir nos carnets de mots m\u00eal\u00e9s chr\u00e9tiens \u00e0 votre entourage. Ces carnets peuvent constituer un cadeau adapt\u00e9 m\u00eame \u00e0 des personnes qui n&rsquo;ont pas la foi. Il convient aussi aux personnes \u00e2g\u00e9es ou malvoyantes.<\/p>\n\n\n\n<p>Vous pouvez t\u00e9l\u00e9charger et partager nos Grilles de Mots M\u00eal\u00e9s Bibliques Gratuites. disponibles et t\u00e9l\u00e9chargeables sur la page coin \u00ab\u00a0<strong><a href=\"https:\/\/motsmelesbibliques.com\/index.php\/gratuit\/\" target=\"_blank\" rel=\"noopener\" title=\"\">Gratuit<\/a><\/strong>\u00ab\u00a0.<\/p>\n\n\n\n<p>Nos carnets peuvent servir d&rsquo;outil d&rsquo;\u00e9vang\u00e9lisation. Nous esp\u00e9rons que plusieurs seront touch\u00e9s par la Parole de Dieu au travers de nos mots m\u00eal\u00e9s Bibliques.<\/p>\n\n\n\n<p>Si vous \u00eates sensibles \u00e0 notre d\u00e9marche et appr\u00e9ciez nos cr\u00e9ations, parlez de nous autour de vous. Vous pouvez aussi ins\u00e9rez des liens ou commentaires de notre site et de nos produits sur votre blog, site internet, forum, chaine YouTube, page Facebook, Instagram ou sur tout autre m\u00e9dia. Votre soutien nous aidera \u00e0 la cr\u00e9er de nouveaux carnets et de nouvelles grilles de mots m\u00eal\u00e9s. Nous avons beaucoup d&rsquo;id\u00e9es de cr\u00e9ations \u00e0 r\u00e9aliser. Merci de nous soutenir.<\/p>\n\n\n\n<p>Si vous avez une id\u00e9e ou un souhait de carnet de mots m\u00eal\u00e9s sur un th\u00e8me particulier de la Bible, faites nous le savoir dans vos commentaires ! Nous serions heureux de conna\u00eetre vos attentes, m\u00eame particuli\u00e8res et originales.<\/p>\n\n\n\n<p>Nous sommes ouvert \u00e0 tout partenariat : \u00e9change de liens, cr\u00e9ation d&rsquo;articles, \u00e9change d&rsquo;articles, r\u00e9f\u00e9rencement de produits, partenariat commercial, achat en gros, ou un simple \u00e9change ou commentaire. Laissez nous un message si une id\u00e9e vous vient. Nous la lirons et l&rsquo;\u00e9tudierons.<\/p>\n\n\n\n<p>Soyez b\u00e9ni(e)s et merci pour votre int\u00e9r\u00eat.<\/p>\n\n\n\n<p><\/p>\n","protected":false},"excerpt":{"rendered":"<p>Vous pouvez soutenir ! Nous avons souhait\u00e9 cr\u00e9er des carnets de Mots M\u00eal\u00e9s Bibliques int\u00e9ressants, ludiques et accessibles au plus grand nombre. Nous esp\u00e9rons avoir r\u00e9ussi \u00e0 associer spiritualit\u00e9 et mots m\u00eal\u00e9s. Avez vous d\u00e9couvert plus en profondeur la Bible, en passant un moment agr\u00e9able ? Si c&rsquo;est le cas, nous en somme satisfaits. Faites-le &hellip;<\/p>\n<p class=\"read-more\"> <a class=\"\" href=\"https:\/\/motsmelesbibliques.com\/index.php\/nous-soutenir\/\"> <span class=\"screen-reader-text\">Soutenir<\/span> Lire la suite\u00a0\u00bb<\/a><\/p>\n","protected":false},"author":1,"featured_media":0,"parent":0,"menu_order":0,"comment_status":"closed","ping_status":"closed","template":"","meta":{"om_disable_all_campaigns":false,"_uag_custom_page_level_css":"","_monsterinsights_skip_tracking":false,"_monsterinsights_sitenote_active":false,"_monsterinsights_sitenote_note":"","_monsterinsights_sitenote_category":0,"site-sidebar-layout":"default","site-content-layout":"default","ast-global-header-display":"","ast-banner-title-visibility":"","ast-main-header-display":"","ast-hfb-above-header-display":"","ast-hfb-below-header-display":"","ast-hfb-mobile-header-display":"","site-post-title":"disabled","ast-breadcrumbs-content":"","ast-featured-img":"","footer-sml-layout":"","theme-transparent-header-meta":"","adv-header-id-meta":"","stick-header-meta":"","header-above-stick-meta":"","header-main-stick-meta":"","header-below-stick-meta":""},"aioseo_notices":[],"uagb_featured_image_src":{"full":false,"thumbnail":false,"medium":false,"medium_large":false,"large":false,"1536x1536":false,"2048x2048":false},"uagb_author_info":{"display_name":"motsmelesbibliques.com","author_link":"https:\/\/motsmelesbibliques.com\/index.php\/author\/motsmelesbibliques-com\/"},"uagb_comment_info":0,"uagb_excerpt":"Vous pouvez soutenir ! Nous avons souhait\u00e9 cr\u00e9er des carnets de Mots M\u00eal\u00e9s Bibliques int\u00e9ressants, ludiques et accessibles au plus grand nombre. Nous esp\u00e9rons avoir r\u00e9ussi \u00e0 associer spiritualit\u00e9 et mots m\u00eal\u00e9s. Avez vous d\u00e9couvert plus en profondeur la Bible, en passant un moment agr\u00e9able ? Si c&rsquo;est le cas, nous en somme satisfaits. Faites-le\u2026","_links":{"self":[{"href":"https:\/\/motsmelesbibliques.com\/index.php\/wp-json\/wp\/v2\/pages\/178"}],"collection":[{"href":"https:\/\/motsmelesbibliques.com\/index.php\/wp-json\/wp\/v2\/pages"}],"about":[{"href":"https:\/\/motsmelesbibliques.com\/index.php\/wp-json\/wp\/v2\/types\/page"}],"author":[{"embeddable":true,"href":"https:\/\/motsmelesbibliques.com\/index.php\/wp-json\/wp\/v2\/users\/1"}],"replies":[{"embeddable":true,"href":"https:\/\/motsmelesbibliques.com\/index.php\/wp-json\/wp\/v2\/comments?post=178"}],"version-history":[{"count":14,"href":"https:\/\/motsmelesbibliques.com\/index.php\/wp-json\/wp\/v2\/pages\/178\/revisions"}],"predecessor-version":[{"id":814,"href":"https:\/\/motsmelesbibliques.com\/index.php\/wp-json\/wp\/v2\/pages\/178\/revisions\/814"}],"wp:attachment":[{"href":"https:\/\/motsmelesbibliques.com\/index.php\/wp-json\/wp\/v2\/media?parent=178"}],"curies":[{"name":"wp","href":"https:\/\/api.w.org\/{rel}","templated":true}]}}